{"id":13,"date":"2019-06-07T11:41:09","date_gmt":"2019-06-07T09:41:09","guid":{"rendered":"https:\/\/bpf-west.de\/sdb\/?page_id=13"},"modified":"2019-06-18T10:14:21","modified_gmt":"2019-06-18T08:14:21","slug":"projektantrag","status":"publish","type":"page","link":"https:\/\/bpf-west.de\/sdb\/projektantrag\/","title":{"rendered":"Verfahren"},"content":{"rendered":"\n<p><strong>Ablauf:<\/strong><\/p>\n\n\n\n<p>Antragsteller kommt auf den Koordinator zu (<a href=\"https:\/\/bpf-west.de\/sdb\/kontakt\/\">siehe Kontaktdaten<\/a>)<\/p>\n\n\n\n<p>Gemeinsam besprechen wir das Vorhaben und pr\u00fcfen, ob eine F\u00f6rderung durch die Plattform oder ggf. sogar eine andere F\u00f6rderung m\u00f6glich ist. In besonderen F\u00e4llen ist auch eine R\u00fcckfrage mit der Stadtverwaltung n\u00f6tig.<\/p>\n\n\n\n<p>Wir f\u00fcllen gemeinsam den Antragsbogen aus.<\/p>\n\n\n\n<p><strong>Der Antrag wird der Steuerungsgruppe vorgelegt.<\/strong> Diese k\u00f6nnen ggf. R\u00fcckfragen zum Vorhaben stellen. Dann stimmt die Gruppe ab. Der Mehrheitsentscheid gibt dann die Mittel f\u00fcr die Finanzierung des Vorhaben frei. <\/p>\n\n\n\n<p>Nach der Umsetzung des Vorhabens f\u00fcllen wir gemeinsam den Abschlussbericht aus.<\/p>\n\n\n\n<p><strong>Bei allen Schritten begleitet euch der Koordinator<\/strong>.<\/p>\n\n\n\n<p><br><\/p>\n","protected":false},"excerpt":{"rendered":"<p>Ablauf: Antragsteller kommt auf den Koordinator zu (siehe Kontaktdaten) Gemeinsam besprechen wir das Vorhaben und pr\u00fcfen, ob eine F\u00f6rderung durch die Plattform oder ggf. sogar eine andere F\u00f6rderung m\u00f6glich ist. In besonderen F\u00e4llen ist auch eine R\u00fcckfrage mit der Stadtverwaltung n\u00f6tig. Wir f\u00fcllen gemeinsam den Antragsbogen aus. Der Antrag wird der Steuerungsgruppe vorgelegt. Diese k\u00f6nnen &hellip; <a href=\"https:\/\/bpf-west.de\/sdb\/projektantrag\/\" class=\"more-link\"><span class=\"screen-reader-text\">Verfahren<\/span> weiterlesen<\/a><\/p>\n","protected":false},"author":2,"featured_media":0,"parent":0,"menu_order":0,"comment_status":"closed","ping_status":"closed","template":"","meta":{"footnotes":""},"class_list":["post-13","page","type-page","status-publish","hentry"],"_links":{"self":[{"href":"https:\/\/bpf-west.de\/sdb\/wp-json\/wp\/v2\/pages\/13","targetHints":{"allow":["GET"]}}],"collection":[{"href":"https:\/\/bpf-west.de\/sdb\/wp-json\/wp\/v2\/pages"}],"about":[{"href":"https:\/\/bpf-west.de\/sdb\/wp-json\/wp\/v2\/types\/page"}],"author":[{"embeddable":true,"href":"https:\/\/bpf-west.de\/sdb\/wp-json\/wp\/v2\/users\/2"}],"replies":[{"embeddable":true,"href":"https:\/\/bpf-west.de\/sdb\/wp-json\/wp\/v2\/comments?post=13"}],"version-history":[{"count":6,"href":"https:\/\/bpf-west.de\/sdb\/wp-json\/wp\/v2\/pages\/13\/revisions"}],"predecessor-version":[{"id":66,"href":"https:\/\/bpf-west.de\/sdb\/wp-json\/wp\/v2\/pages\/13\/revisions\/66"}],"wp:attachment":[{"href":"https:\/\/bpf-west.de\/sdb\/wp-json\/wp\/v2\/media?parent=13"}],"curies":[{"name":"wp","href":"https:\/\/api.w.org\/{rel}","templated":true}]}}