{"id":2,"date":"2019-06-07T09:25:13","date_gmt":"2019-06-07T09:25:13","guid":{"rendered":"https:\/\/bpf-west.de\/sdb\/?page_id=2"},"modified":"2019-06-13T20:45:46","modified_gmt":"2019-06-13T18:45:46","slug":"sample-page","status":"publish","type":"page","link":"https:\/\/bpf-west.de\/sdb\/","title":{"rendered":"Willkommen"},"content":{"rendered":"\n<p>auf der Webseite der B\u00fcrgerplattform West.<br><br>Die <a href=\"https:\/\/bpf-west.de\/sdb\/wir-sind\/\">B\u00fcrgerplattform West<\/a> wurde am 17.12.2018 gegr\u00fcndet und am 06.03.2019 durch den Stadtrat best\u00e4tigt. Seit Juni 2019 sind wir nun f\u00fcr Sie, liebe Bewohner von  Rabenstein, Rottluff, Reichenbrand, Siegmar, Sch\u00f6nau und Stelzendorf, als Ansprechpartner f\u00fcr alle Anliegen im Stadtgebiet da. <\/p>\n\n\n\n<p>Wir unterst\u00fctzen eure Projekte, Ideen, Vereine und B\u00fcrgerinitiativen bei der Planung, finanziellen Umsetzung und F\u00f6rderung.<br><a href=\"https:\/\/bpf-west.de\/sdb\/projekte\/\">Gemeinsam gestalten wir Chemnitz.<\/a><\/p>\n\n\n\n<figure class=\"wp-block-image\"><img loading=\"lazy\" decoding=\"async\" width=\"1024\" height=\"1024\" src=\"https:\/\/bpf-west.de\/sdb\/wp-content\/uploads\/2019\/06\/Logot-Erde-1024x1024.jpg\" alt=\"\" class=\"wp-image-5\" srcset=\"https:\/\/bpf-west.de\/sdb\/wp-content\/uploads\/2019\/06\/Logot-Erde-1024x1024.jpg 1024w, https:\/\/bpf-west.de\/sdb\/wp-content\/uploads\/2019\/06\/Logot-Erde-150x150.jpg 150w, https:\/\/bpf-west.de\/sdb\/wp-content\/uploads\/2019\/06\/Logot-Erde-300x300.jpg 300w, https:\/\/bpf-west.de\/sdb\/wp-content\/uploads\/2019\/06\/Logot-Erde-768x768.jpg 768w, https:\/\/bpf-west.de\/sdb\/wp-content\/uploads\/2019\/06\/Logot-Erde-1568x1568.jpg 1568w, https:\/\/bpf-west.de\/sdb\/wp-content\/uploads\/2019\/06\/Logot-Erde.jpg 2000w\" sizes=\"auto, (max-width: 1024px) 100vw, 1024px\" \/><\/figure>\n","protected":false},"excerpt":{"rendered":"<p>auf der Webseite der B\u00fcrgerplattform West. Die B\u00fcrgerplattform West wurde am 17.12.2018 gegr\u00fcndet und am 06.03.2019 durch den Stadtrat best\u00e4tigt. Seit Juni 2019 sind wir nun f\u00fcr Sie, liebe Bewohner von Rabenstein, Rottluff, Reichenbrand, Siegmar, Sch\u00f6nau und Stelzendorf, als Ansprechpartner f\u00fcr alle Anliegen im Stadtgebiet da. Wir unterst\u00fctzen eure Projekte, Ideen, Vereine und B\u00fcrgerinitiativen bei &hellip; <a href=\"https:\/\/bpf-west.de\/sdb\/\" class=\"more-link\"><span class=\"screen-reader-text\">Willkommen<\/span> weiterlesen<\/a><\/p>\n","protected":false},"author":2,"featured_media":0,"parent":0,"menu_order":0,"comment_status":"closed","ping_status":"closed","template":"","meta":{"footnotes":""},"class_list":["post-2","page","type-page","status-publish","hentry"],"_links":{"self":[{"href":"https:\/\/bpf-west.de\/sdb\/wp-json\/wp\/v2\/pages\/2","targetHints":{"allow":["GET"]}}],"collection":[{"href":"https:\/\/bpf-west.de\/sdb\/wp-json\/wp\/v2\/pages"}],"about":[{"href":"https:\/\/bpf-west.de\/sdb\/wp-json\/wp\/v2\/types\/page"}],"author":[{"embeddable":true,"href":"https:\/\/bpf-west.de\/sdb\/wp-json\/wp\/v2\/users\/2"}],"replies":[{"embeddable":true,"href":"https:\/\/bpf-west.de\/sdb\/wp-json\/wp\/v2\/comments?post=2"}],"version-history":[{"count":6,"href":"https:\/\/bpf-west.de\/sdb\/wp-json\/wp\/v2\/pages\/2\/revisions"}],"predecessor-version":[{"id":62,"href":"https:\/\/bpf-west.de\/sdb\/wp-json\/wp\/v2\/pages\/2\/revisions\/62"}],"wp:attachment":[{"href":"https:\/\/bpf-west.de\/sdb\/wp-json\/wp\/v2\/media?parent=2"}],"curies":[{"name":"wp","href":"https:\/\/api.w.org\/{rel}","templated":true}]}}