{"id":346,"date":"2021-06-15T14:00:00","date_gmt":"2021-06-15T12:00:00","guid":{"rendered":"https:\/\/bpf-west.de\/sdb\/?page_id=346"},"modified":"2021-06-25T15:04:44","modified_gmt":"2021-06-25T13:04:44","slug":"frei-otto-park","status":"publish","type":"page","link":"https:\/\/bpf-west.de\/sdb\/frei-otto-park\/","title":{"rendered":"&#8222;Frei-Otto-Park&#8220;, die Interventionsfl\u00e4che im Westen"},"content":{"rendered":"\n<p>2019 wurde die B\u00fcrgerplattform West durch die Stadtverwaltung beauftragt, eine \u00f6ffentliche Fl\u00e4che im Chemnitzer Westen zu finden, die dem Anspruch &#8222;Kulturhauptstadt&#8220; gerecht wird. Nach langer Suche und vielen Diskussionen, kristallisierte sich der Frei-Otto-Park in Siegmar heraus und wurde im Januar 2020 bei einem B\u00fcrgerforum im &#8222;Haus des Gastes Reichenbrand&#8220; ausgew\u00e4hlt. Eine Arbeitsgruppe besch\u00e4ftigt sich mit der Umsetzung des Projekts und Sie sind gern dazu eingeladen, am Projekt konstruktiv mitzuwirken. Das Konzept und auch den ersten Entwurf von 2019 finden sie hier unten. <\/p>\n\n\n\n<div class=\"wp-block-file\"><a href=\"https:\/\/bpf-west.de\/sdb\/wp-content\/uploads\/2021\/02\/Text-Frei-Otto.pdf\">Konzept &#8211; Frei-Otto-Park<\/a><a href=\"https:\/\/bpf-west.de\/sdb\/wp-content\/uploads\/2021\/02\/Text-Frei-Otto.pdf\" class=\"wp-block-file__button\" download>Herunterladen<\/a><\/div>\n\n\n<a href=\"https:\/\/bpf-west.de\/sdb\/wp-content\/uploads\/2021\/02\/Text-Frei-Otto.pdf\" class=\"pdfemb-viewer\" style=\"\" data-width=\"max\" data-height=\"max\" data-toolbar=\"bottom\" data-toolbar-fixed=\"off\">Text-Frei-Otto<\/a>\n<p class=\"wp-block-pdfemb-pdf-embedder-viewer\"><\/p>\n\n\n\n<div class=\"wp-block-file\"><a href=\"https:\/\/bpf-west.de\/sdb\/wp-content\/uploads\/2021\/02\/Plan-Frei-Otto-Klein.pdf\">Plan &#8211; Frei-Otto-Park<\/a><a href=\"https:\/\/bpf-west.de\/sdb\/wp-content\/uploads\/2021\/02\/Plan-Frei-Otto-Klein.pdf\" class=\"wp-block-file__button\" download>Herunterladen<\/a><\/div>\n\n\n<a href=\"https:\/\/bpf-west.de\/sdb\/wp-content\/uploads\/2021\/02\/Plan-Frei-Otto-Klein.pdf\" class=\"pdfemb-viewer\" style=\"\" data-width=\"max\" data-height=\"max\" data-toolbar=\"bottom\" data-toolbar-fixed=\"off\">Plan-Frei-Otto-Klein<\/a>\n<p class=\"wp-block-pdfemb-pdf-embedder-viewer\"><\/p>\n\n\n\n<p><\/p>\n","protected":false},"excerpt":{"rendered":"<p>2019 wurde die B\u00fcrgerplattform West durch die Stadtverwaltung beauftragt, eine \u00f6ffentliche Fl\u00e4che im Chemnitzer Westen zu finden, die dem Anspruch &#8222;Kulturhauptstadt&#8220; gerecht wird. Nach langer Suche und vielen Diskussionen, kristallisierte sich der Frei-Otto-Park in Siegmar heraus und wurde im Januar 2020 bei einem B\u00fcrgerforum im &#8222;Haus des Gastes Reichenbrand&#8220; ausgew\u00e4hlt. Eine Arbeitsgruppe besch\u00e4ftigt sich mit &hellip; <a href=\"https:\/\/bpf-west.de\/sdb\/frei-otto-park\/\" class=\"more-link\"><span class=\"screen-reader-text\">&#8222;Frei-Otto-Park&#8220;, die Interventionsfl\u00e4che im Westen<\/span> weiterlesen<\/a><\/p>\n","protected":false},"author":2,"featured_media":0,"parent":0,"menu_order":0,"comment_status":"closed","ping_status":"closed","template":"","meta":{"footnotes":""},"class_list":["post-346","page","type-page","status-publish","hentry"],"_links":{"self":[{"href":"https:\/\/bpf-west.de\/sdb\/wp-json\/wp\/v2\/pages\/346","targetHints":{"allow":["GET"]}}],"collection":[{"href":"https:\/\/bpf-west.de\/sdb\/wp-json\/wp\/v2\/pages"}],"about":[{"href":"https:\/\/bpf-west.de\/sdb\/wp-json\/wp\/v2\/types\/page"}],"author":[{"embeddable":true,"href":"https:\/\/bpf-west.de\/sdb\/wp-json\/wp\/v2\/users\/2"}],"replies":[{"embeddable":true,"href":"https:\/\/bpf-west.de\/sdb\/wp-json\/wp\/v2\/comments?post=346"}],"version-history":[{"count":12,"href":"https:\/\/bpf-west.de\/sdb\/wp-json\/wp\/v2\/pages\/346\/revisions"}],"predecessor-version":[{"id":444,"href":"https:\/\/bpf-west.de\/sdb\/wp-json\/wp\/v2\/pages\/346\/revisions\/444"}],"wp:attachment":[{"href":"https:\/\/bpf-west.de\/sdb\/wp-json\/wp\/v2\/media?parent=346"}],"curies":[{"name":"wp","href":"https:\/\/api.w.org\/{rel}","templated":true}]}}