{"id":9,"date":"2021-10-14T11:38:00","date_gmt":"2021-10-14T09:38:00","guid":{"rendered":"https:\/\/bpf-west.de\/sdb\/?page_id=9"},"modified":"2026-02-20T16:08:21","modified_gmt":"2026-02-20T14:08:21","slug":"wir-sind","status":"publish","type":"page","link":"https:\/\/bpf-west.de\/sdb\/wir-sind\/","title":{"rendered":"Wir sind \/ Gesch\u00e4ftsordnung \/ Richtlinie Mittelvergabe \/ F\u00f6rderrichtlinie"},"content":{"rendered":"\n<p>Die B\u00fcrgerplattform ist ein Zusammenschluss von aktiven Menschen aus den Stadtteilen. Die Eingrenzung der B\u00fcrgerplattform wurde durch den Stadtrat vorgegeben. F\u00fcr West sind die Stadtteile Rottluff, Sch\u00f6nau, Stelzendorf, Rabenstein, Siegmar und Reichenbrand zusammengefasst worden. <\/p>\n\n\n\n<p><a href=\"https:\/\/www.chemnitz.de\/chemnitz\/de\/rathaus\/engagement-und-mitsprache\/buergerbeteiligung\/buergerplattform\/index.html\">https:\/\/www.chemnitz.de\/chemnitz\/de\/rathaus\/engagement-und-mitsprache\/buergerbeteiligung\/buergerplattform\/index.html<\/a><\/p>\n\n\n\n<p>Der Stadtrat bewilligt f\u00fcr jeden B\u00fcrger einer B\u00fcrgerplattform 1 \u20ac pro Jahr. Das Geld soll genutzt werden um B\u00fcrgerprojekte, lokale Vereine, Initiativen und soziale Einrichtungen bei sogenannten Mikroprojekten mit finanziellen und organisatorischen Mittel zu begleiten.<\/p>\n\n\n\n<p><strong>Koordinator<\/strong><\/p>\n\n\n\n<p>Daf\u00fcr wurde eine Personalstelle f\u00fcr die Plattform bewilligt. Seit Juni 2019 ist Herr Michael Sandt Ihr Ansprechpartner. Er ist im Tr\u00e4gerverein der  B\u00fcrgerplattform, dem<a href=\"http:\/\/www.sdb-chemnitz.de\"> SDB e.V. <\/a>eingestellt worden.<br>Sein Aufgabengebiet umfasst die Betreuung der Mittelvergaben, Vernetzung verschiedener Interessengruppen, Verbindungsstelle, Verwaltung, Sammlung von B\u00fcrgeranliegen und Diskussionsforen.<\/p>\n\n\n\n<p><strong>Steuerungsgruppe<\/strong><\/p>\n\n\n\n<p>Die Steuerungsgruppe jeder B\u00fcrgerplattform ist ein gew\u00e4hltes Gremium von aktiven B\u00fcrgern der Stadtgebiete. Diese werden vom Koordinator begleitet und organisatorisch unterst\u00fctzt. Das Gremium entscheidet \u00fcber die Mittelvergabe an die Mikroprojekte und kann Stellungnahmen zu Vorhaben der Stadtverwaltung in die Stadtratsgremien abgeben.<\/p>\n\n\n\n<p><strong>Arbeitsgruppen<\/strong><\/p>\n\n\n\n<p>Interessierte B\u00fcrger k\u00f6nnen sich auch in Arbeits- und Themengruppen zusammenfinden und sich dort aktiv einbringen. <\/p>\n\n\n\n<p><\/p>\n\n\n\n<p><strong>Gesch\u00e4ftsordnung f\u00fcr die B\u00fcrgerplattform Chemnitz-West<\/strong><\/p>\n\n\n\n<p><strong>(Rottluff, Sch\u00f6nau, Stelzendorf, Rabenstein, Siegmar, Reichenbrand)<\/strong><\/p>\n\n\n\n<p><strong>1. Zielsetzung<\/strong><\/p>\n\n\n\n<p>Die B\u00fcrgerplattform strebt die st\u00e4ndige Verbesserung der Lebensbedingungen und Weiterentwicklung des Stadtgebietes Chemnitz-West an. In diesem Sinne unterst\u00fctzt sie verschiedene Formen der B\u00fcrgerbeteiligung und stellt finanzielle Mittel f\u00fcr B\u00fcrgerprojekte bereit. Voraussetzung ist, dass sie sich eindeutig zu einem humanistischen Menschenbild bekennen.<\/p>\n\n\n\n<p><strong>2. B\u00fcrgerbeteiligung<\/strong><\/p>\n\n\n\n<p>Die B\u00fcrgerplattform richtet sich nach den in der Hauptsatzung der Stadt Chemnitz unter \u00a7 31 aufgef\u00fchrten Kriterien.<\/p>\n\n\n\n<p><em>(2) B\u00fcrgerplattformen sind der freiwillige Zusammenschluss von in einem Stadtgebiet lebenden und t\u00e4tigen Menschen.<\/em><\/p>\n\n\n\n<p><em>Sie arbeiten partei- und verwaltungsunabh\u00e4ngig. Eine enge Zusammenarbeit mit bestehenden Strukturen und der<\/em> <em>Verwaltung ist anzustreben.<\/em><\/p>\n\n\n\n<p><em>(3) B\u00fcrgerplattformen sind in allen, ihren Bereich betreffenden, Angelegenheiten fr\u00fchzeitig<\/em> <em>einzubeziehen. Ihre Hinweise und Anregungen sind als \u201eTr\u00e4ger \u00f6ffentlicher Belange\u201c zu<\/em> <em>behandeln. Analog den Ortschaftsr\u00e4ten sind sie zu Stellungnahmen berechtigt. In den Aussch\u00fcssen k\u00f6nnen sie geh\u00f6rt<\/em> <em>werden. B\u00fcrgerplattformen k\u00f6nnen sich im Internet und mit eigenen Logos pr\u00e4sentieren. Sie haben das Recht,<\/em> <em>B\u00fcrgerversammlungen zu initiieren und sich auf Einwohnerversammlungen vorzustellen.<\/em><\/p>\n\n\n\n<p><strong>3. Organisationsstruktur<\/strong><\/p>\n\n\n\n<p>Jeder B\u00fcrger, der in den o.g. Stadtgebieten wohnt, sich z.B. in einem Verein, einer Organisation oder einer B\u00fcrgerinitiative einbringt oder dessen T\u00e4tigkeitsfeld auf das Stadtgebiet Chemnitz-West f\u00e4llt, kann die B\u00fcrgerplattform nutzen.<\/p>\n\n\n\n<p>3.1. Steuerungsgruppe<\/p>\n\n\n\n<p>Im Auftrag der B\u00fcrgerplattform und damit im Interesse der B\u00fcrgerschaft des Stadtgebiet Chemnitz-West wird eine Steuerungsgruppe ernannt. Auf einer \u00f6ffentlichen Veranstaltung alle zwei Jahre wird die Steuerungsgruppe neu gew\u00e4hlt. Mind. 5 und max. 15 B\u00fcrger des Stadtgebietes Chemnitz-West sollten der Steuerungsgruppe angeh\u00f6ren. Der Koordinator (s.u.) ber\u00e4t die Kandidaten im Vorfeld \u00fcber deren Aufgaben als aktiver Akteur in der Steuerungsgruppe. Im Interesse einer ausgeglichenen Struktur soll vermieden werden, dass eine Interessengruppe \u00fcberhandnimmt. Hierf\u00fcr stellt der Koordinator strukturiert Arbeitsgruppen zur Verf\u00fcgung, um an speziellen Themen zu arbeiten. Die Steuerungsgruppe ist f\u00fcr die Vergabe von F\u00f6rdermitteln aus dem B\u00fcrgerbudget verantwortlich.<\/p>\n\n\n\n<p>Die Steuerungsgruppe ist beschlussf\u00e4hig, wenn mindestens drei abstimmungsf\u00e4hige Mitglieder der Steuerungsgruppe bei der Sitzung anwesend sind. Die Sitzungen erfolgen monatlich an festgelegten Tagen im Kalenderjahr, diese Sitzungstermine sind \u00f6ffentlich einsehbar. Interessierte B\u00fcrger k\u00f6nnen nach vorheriger Anmeldung an den Sitzungen teilnehmen (notwendig wegen Raumkapazit\u00e4t). Die Sitzung ist in einen \u00f6ffentlichen und einen nicht\u00f6ffentlichen Teil geteilt. Die Mitglieder der Steuerungsgruppe sind verpflichtet an den Sitzungen der Steuerungsgruppe (monatlich) teilzunehmen. Die Anwesenheit wird durch den Koordinator im Protokoll dokumentiert. Abmeldungen sind begr\u00fcndet, durch Krankheit oder Beruf \/ Familie, zeitnah nach Kenntnis dem Koordinator zu melden. Bei genauer Kenntnis der Antr\u00e4ge und bei entschuldigter Abwesenheit, kann per E-Mail eine Stellungnahme zum Antrag erfolgen, welche aber nicht als Abstimmung z\u00e4hlt. In Ausnahmef\u00e4llen k\u00f6nnen reine E-Mail-Abstimmungen durchgef\u00fchrt werden, hier z\u00e4hlt die Mehrheit aller Steuerungsgruppenmitglieder.<\/p>\n\n\n\n<p>Wenn ein Mitglied der Steuerungsgruppe drei Mal hintereinander nicht zur monatlichen Sitzung erscheint, scheidet die Person automatisch aus dem Gremium aus. Die Steuerungsgruppe kann aber beschlie\u00dfen, dass die jeweilige Person weiterhin Mitglied der Steuerungsgruppe bleiben kann. Die Steuerungsgruppe kann interessierte Nachr\u00fccker f\u00fcr die verbleibende Wahlperiode per Beschluss in die Steuerungsgruppe aufnehmen.<\/p>\n\n\n\n<p>Bei Abstimmungen \u00fcber die Mittel zeigen die Mitglieder ihre Befangenheit an, wenn diese unmittelbar von den Geldern betroffen sind. Eine Abstimmung dieser Mitglieder an diesen Mittelantrag wird dann ausgesetzt.<\/p>\n\n\n\n<p>Die Steuerungsgruppe kann zu Themen des Stadtgebietes Stellungnahmen gegen\u00fcber Stadtverwaltung \/ Stadtrat abgeben.<\/p>\n\n\n\n<p>3.2. Koordinator<\/p>\n\n\n\n<p>Aufgabenschwerpunkt des Koordinators (Stadtteilmanager) ist die Planung der Termine, der Informationssammlung und Kommunikation innerhalb der B\u00fcrgerplattform. Der Koordinator w\u00e4hlt verschiedene Kommunikationsm\u00f6glichkeiten, um \u00fcber die Arbeit der B\u00fcrgerplattform zu informieren und neue Akteure zu gewinnen. In der Steuerungsgruppe hat der Koordinator nur beratende und eine organisatorische Funktion. \u00dcber Projektmittel darf der Koordinator nicht entscheiden, dies obliegt dem Wahlgremium (Steuerungsgruppe). Die Kosten f\u00fcr den Koordinator wird durch ein Verwaltungsbudget gedeckt.<\/p>\n\n\n\n<p>Aufgaben:<\/p>\n\n\n\n<p>\u2022 Betreuung der Webseiten f\u00fcr die B\u00fcrgerplattform West<\/p>\n\n\n\n<p>\u2022 Kontaktpflege zu Gewerbetreibende, Vereine, Soziale und Bildungseinrichtungen, Immobilienunternehmen.<\/p>\n\n\n\n<p>\u2022 Vernetzungsstelle (Pflege E-Mailnetzwerk)<\/p>\n\n\n\n<p>\u2022 Organisation von Treffen (Stadtteilrunden, Stammtische, B\u00fcrgerforen)<\/p>\n\n\n\n<p>\u2022 Ansprechpartner f\u00fcr Stadtverwaltung und Stadtrat<\/p>\n\n\n\n<p>\u2022 Weitergabe von Informationen<\/p>\n\n\n\n<p>\u2022 Unterst\u00fctzung der Steuerungsgruppe<\/p>\n\n\n\n<p>\u2022 Mittelvergabe an Projekte \u00fcberwachen<\/p>\n\n\n\n<p>\u2022 B\u00fcrger-Projekte begleiten<\/p>\n\n\n\n<p>\u2022 j\u00e4hrlicher Rechenschaftsbericht an B\u00fcrger und Stadtrat vorlegen<\/p>\n\n\n\n<p><strong>4. Projekttr\u00e4ger und Finanzen<\/strong><\/p>\n\n\n\n<p>Als Rechtstr\u00e4ger wurde der Verein SDB e.V. ernannt. Die B\u00fcrgerplattform ist somit in der Lage Spenden und Sponsorengelder entgegenzunehmen. Auf die eingegangenen Mittel hat alleinig die Steuergruppe, in Bezug auf das Ziel der B\u00fcrgerplattform Einfluss.<\/p>\n\n\n\n<p>Die Stadt Chemnitz stellt der B\u00fcrgerplattform Chemnitz-West laut Hauptsatzung und Stadtratsbeschluss Haushaltsmittel zur Verf\u00fcgung.<\/p>\n\n\n\n<p><em>(4) Zur Unterst\u00fctzung ihrer Arbeit erhalten B\u00fcrgerplattformen im Rahmen des Haushaltes ein Verwaltungs- und<\/em> <em>B\u00fcrgerbudget.<\/em><\/p>\n\n\n\n<p>Die Mittel sind in Sachkosten, Personalkosten und den \u201eVerf\u00fcgungsfonds\u201c aufgeteilt. Die Sach- und Personalkosten bleiben beim Tr\u00e4gerverein f\u00fcr die Deckung. Der Verf\u00fcgungsfond wird von der Steuergruppe verteilt. Der Tr\u00e4gerverein kann auch selbst Mittelantr\u00e4ge an die Steuerungsgruppe stellen, wenn damit B\u00fcrgeranliegen umgesetzt werden, die z.B. der B\u00fcrger selber nicht realisieren kann und nur als Ideen- bzw. Tippgeber auftritt.<\/p>\n\n\n\n<p><strong>5. Projektf\u00f6rderung<\/strong><\/p>\n\n\n\n<p>F\u00f6rderf\u00e4hig, aus dem Verf\u00fcgungsfond sind<\/p>\n\n\n\n<p>\u2022 Projekte, welche im Stadtgebiet Chemnitz-West durchgef\u00fchrt werden<\/p>\n\n\n\n<p>\u2022 Projekte, welche zu einer Verbesserung des Stadtgebietes beitragen<\/p>\n\n\n\n<p>\u2022 nachhaltige, \u00f6kologische und kulturelle Projekte.<\/p>\n\n\n\n<p>z.B. Feste und Bildungsangebote<\/p>\n\n\n\n<p>Die B\u00fcrgerplattform stellt ein Antrags- und Abrechnungsformular zur Verf\u00fcgung. Der ausgef\u00fcllte Antrag ist vor Projektbeginn schriftlich an den Koordinator zu stellen, der den Antrag an die Steuerungsgruppe weiterleitet. Dort kann das Projekt auch pers\u00f6nlich vorgestellt werden. Ein Anspruch auf Gew\u00e4hrung der Mittel aus dem Verf\u00fcgungsfond besteht nicht.<\/p>\n\n\n\n<p>Bewilligte F\u00f6rdermittel werden als Zuschuss gew\u00e4hrt. Die Abrechnung erfolgt innerhalb von zwei Monaten nach der Projektdurchf\u00fchrung. Sie enth\u00e4lt das Abrechnungsformular, Originalbelege, ggf. mit Zahlbeleg und Dokumentation.<\/p>\n\n\n\n<p>Nicht verbrauchte Mittel gehen in das B\u00fcrgerbudget des Verf\u00fcgungsfond zur\u00fcck.<\/p>\n\n\n\n<p>Bei Umsetzung des Projektes sind Logo und Unterst\u00fctzerschriftzug der B\u00fcrgerplattform anzugeben.<\/p>\n\n\n\n<p><strong>6. Inkrafttreten<\/strong><\/p>\n\n\n\n<p>Die Gesch\u00e4ftsordnung f\u00fcr die B\u00fcrgerplattform Chemnitz-West tritt am 01.02.2019 in Kraft.<\/p>\n\n\n\n<p>\u00c4nderungen m\u00fcssen durch die Steuerungsgruppe vorbereitet und durch die Mehrheit der anwesenden Mitglieder der B\u00fcrgerplattform anerkannt werden. Sie m\u00fcssen der \u00d6ffentlichkeit zug\u00e4nglich gemacht werden.<\/p>\n\n\n\n<p>Am 09.09.2020, 14.10.2021, 02.08.2023 erfolgten Anpassungen der Gesch\u00e4ftsordnung<\/p>\n\n\n\n<h2 class=\"wp-block-heading\">B\u00fcrgerbudget \u2013 F\u00f6rderrichtlinie<\/h2>\n\n\n\n<p><br>Anlage 5 Seite 1 zur B-066\/2019<\/p>\n\n\n\n<p>B\u00fcrgerplattform Gebiet: West<br>Rottluff, Sch\u00f6nau, Stelzendorf,<br>Rabenstein, Siegmar, Reichenbrand<\/p>\n\n\n\n<p>Der B\u00fcrgerplattform steht ein j\u00e4hrliches Budget (\u201eVerf\u00fcgungsfonds\u201c) zur Verf\u00fcgung (kommunal gew\u00e4hrte Mittel). \u00dcber diese Mittel k\u00f6nnen in den Stadtgebieten B\u00fcrger- und Mikroprojekte gef\u00f6rdert werden. Die Steuerungsgruppe der B\u00fcrgerplattform entscheidet \u00fcber die Mittelvergabe. Der Koordinator der B\u00fcrgerplattform ber\u00e4t die Antragssteller, legt eine Beschlussvorlage dem Steuerungsgremium vor und hilft den Antragsstellern bei der Abwicklung und Abrechnung des Vorhabens. Der Tr\u00e4gerverein SDB e.V. kann ggf. auch genutzt werden, um Projektideen<br>umzusetzen, als Vertragspartner aufzutreten und einen Versicherungsschutz bieten.<\/p>\n\n\n\n<p>F\u00f6rderf\u00e4hig, aus dem Verf\u00fcgungsfond sind<\/p>\n\n\n\n<ul class=\"wp-block-list\">\n<li>Projekte, welche im Stadtgebiet Chemnitz-West durchgef\u00fchrt werden<\/li>\n\n\n\n<li>Projekte, welche zu einer Verbesserung des Stadtgebietes Chemnitz- West beitragen<\/li>\n\n\n\n<li>nachhaltige, \u00f6kologische und kulturelle Projekte<\/li>\n\n\n\n<li>Projekte mit Synergie \u2013 Effekten mit anderen B\u00fcrgerplattformen<\/li>\n<\/ul>\n\n\n\n<p>NICHT F\u00f6rderf\u00e4hig, aus dem Verf\u00fcgungsfond sind<\/p>\n\n\n\n<ul class=\"wp-block-list\">\n<li>Projekte, welche parteipolitische Vorhaben direkt und indirekt unterst\u00fctzen<\/li>\n\n\n\n<li>Projekte, die bereits kommunale Mittel f\u00fcr dieses geplante Vorhaben bewilligt bekommen<br>haben (Eigenmittelfinanzierung von Projekten \u00fcber Plattformgeld wird somit<br>ausgeschlossen)<\/li>\n<\/ul>\n\n\n\n<p>Vorgaben:<\/p>\n\n\n\n<ul class=\"wp-block-list\">\n<li>beantragte Mittel m\u00fcssen wirtschaftlich sparsam eingesetzt werden<\/li>\n\n\n\n<li>kein Anspruch auf Gew\u00e4hrung der Mittel aus dem Verf\u00fcgungsfond<\/li>\n\n\n\n<li>bewilligte F\u00f6rdermittel werden als Zuschuss gew\u00e4hrt, wobei ehrenamtliche Zeit als<br>geldwerter Anteil zur Projektumsetzung gesehen wird<\/li>\n\n\n\n<li>ben\u00f6tigtes Material und Ausstattung wird dem Koordinator angezeigt, damit dieser ggf. \u00fcber das Netzwerk auf schon Vorhandenes zur\u00fcckgreifen kann \u2013 \u201eVorhandenes nutzen, statt neu Erwerben\u201c<\/li>\n\n\n\n<li>die Steuerungsgruppe entscheidet per Mehrheitsbeschluss \u00fcber die F\u00f6rderung von<br>Ma\u00dfnahmen im Rahmen seiner Sitzungen (Termine werden rechtzeitig \u00fcber \u00f6ffentliche Medien bekannt gegeben)<\/li>\n\n\n\n<li>Mittel sind zeitnah vor dem Projektstart zu beantragen<\/li>\n\n\n\n<li>Projekte k\u00f6nnen laufend beantragt werden<\/li>\n<\/ul>\n\n\n\n<p>Ablauf:<br>1) Die Projekt-Idee richtet sich nach den o.g. Kriterien.<br>2) Kontaktaufnahme mit dem Koordinator der B\u00fcrgerplattform<br>3) Ausf\u00fcllen des Projektantrages (Hilfestellung durch den Koordinator)<br>4) Koordinator pr\u00fcft die Zul\u00e4ssigkeit f\u00fcr die Steuerungsgruppe<br>5) Bei Zul\u00e4ssigkeit geht der Antrag auf die Tagesordnung der n\u00e4chsten Sitzung der<br>Steuerungsgruppe (mtl. Treffen)<br>6) Bei Unzul\u00e4ssigkeit oder Finanzierungsm\u00f6glichkeit durch andere F\u00f6rderungen wird der Antrag abgewiesen oder der Projektantrag \u00fcberarbeitet (Ziel: alle Ideen auch verwirklichbar machen)<br>7) Steuerungsgruppe trifft sich und entscheidet \u00fcber den Antrag<br>8) Antragsteller steht f\u00fcr Nachfragen zur Verf\u00fcgung, bzw. darf das Projekt auch pers\u00f6nlich vorstellen<br>9) alle Antragsteller erhalten die Entscheidung der Steuerungsgruppe mitgeteilt<\/p>\n\n\n\n<p>Antragstellung:<br>Das Antragsformular ist auf der Internetseite, im B\u00fcro des SDB e.V. und auf Anfrage erh\u00e4ltlich. Der B\u00fcrger, die eine Projektidee umsetzen m\u00f6chten, ben\u00f6tigen eine juristische Person, Tr\u00e4ger, die den Antrag zur Idee einreicht. Der SDB e.V. kann diese Tr\u00e4gerschaft auch selber \u00fcbernehmen, sofern keine passende Institution gefunden wird.<\/p>\n\n\n\n<p>Art, Umfang und H\u00f6he des Zuschusses:<br>Die Mittel aus dem B\u00fcrgerbudget werden als nicht r\u00fcckzahlbarer Zuschuss gew\u00e4hrt. Der Antragsteller hat einen Gesamtfinanzierungsplan zum beantragten Projekt darzulegen (Eigenmittel, Drittmittel sind im Antrag gesondert auszuweisen). Hilfestellung durch den Koordinator m\u00f6glich.<br>Die Mittel k\u00f6nnen zur Finanzierung von Sachkosten, Honoraren und Aufwandsentsch\u00e4digungen (max. 40,00 \u20ac f\u00fcr 20 h pro Monat) eingesetzt werden. Personalkosten (Honorare ausgenommen) sind nicht f\u00f6rderf\u00e4hig.<br>Die Mittelh\u00f6he und deren Bewilligung richtet sich auch auf die Teilnehmerzahl aus. Pro Antrag sollten maximale Mittelh\u00f6hen im 3stelligen und unterem 4stelligen Bereich liegen.<\/p>\n\n\n\n<p>Mittelauszahlung\/ \u00d6ffentlichkeitsarbeit:<br>Die Auszahlung der Mittel erfolgt nach Vertragsvereinbarung \u00fcber den Koordinator. Da es sich beim B\u00fcrgerbudget um jahresgebundene Mittel handelt, endet die F\u00f6rderung jeweils zum 31.12. des<br>Kalenderjahres. Die finanziellen Mittel m\u00fcssen f\u00fcr Projekte die im Dezember des jeweiligen Kalenderjahres enden bis sp\u00e4testens 31.01.des jeweiligen Folgejahres zahlungswirksam sein. Ein Abschlussbericht\/ Kurzdokumentation nach Beendigung des Projektes (sp\u00e4testens 1 Monat nach Beendigung) ist in Form von max. 1 A4 Seite zu gestalten und sollte den Verlauf und die Ergebnisse des Projekts beinhalten. Fotos und Material zur \u00d6ffentlichkeitsarbeit im Rahmen des Projektes sind der Abrechnung ebenfalls beizuf\u00fcgen und d\u00fcrfen somit zum Zwecke von<br>Ver\u00f6ffentlichungen verwendet werden. Bei Ver\u00f6ffentlichungen durch die Projekttr\u00e4ger ist der Name der F\u00f6rderung mit folgendem<br>Wortlaut anzugeben: gef\u00f6rdert \u00fcber die B\u00fcrgerplattform West.<br>Das Logo der B\u00fcrgerplattform wird zur Verf\u00fcgung gestellt und kann f\u00fcr Ver\u00f6ffentlichungen kostenfrei genutzt werden.<\/p>\n\n\n\n<p><strong>\u201eDie Vergabe richtet sich nach der aktuellen F\u00f6rderrichtline der Stadt Chemnitz\u201c<\/strong><\/p>\n\n\n\n<p>B_254_2021_Anlage_3_Foerderrichtlinie_Buergerplattformen<\/p>\n\n\n\n<p>Die Aktuelle F\u00f6rderrichtlinie kann auf der Webseite der Stadt Chemnitz, oder im B\u00fcro der B\u00fcrgerplattform West eingesehen werden.<\/p>\n","protected":false},"excerpt":{"rendered":"<p>Die B\u00fcrgerplattform ist ein Zusammenschluss von aktiven Menschen aus den Stadtteilen. Die Eingrenzung der B\u00fcrgerplattform wurde durch den Stadtrat vorgegeben. F\u00fcr West sind die Stadtteile Rottluff, Sch\u00f6nau, Stelzendorf, Rabenstein, Siegmar und Reichenbrand zusammengefasst worden. https:\/\/www.chemnitz.de\/chemnitz\/de\/rathaus\/engagement-und-mitsprache\/buergerbeteiligung\/buergerplattform\/index.html Der Stadtrat bewilligt f\u00fcr jeden B\u00fcrger einer B\u00fcrgerplattform 1 \u20ac pro Jahr. Das Geld soll genutzt werden um B\u00fcrgerprojekte, lokale &hellip; <a href=\"https:\/\/bpf-west.de\/sdb\/wir-sind\/\" class=\"more-link\"><span class=\"screen-reader-text\">Wir sind \/ Gesch\u00e4ftsordnung \/ Richtlinie Mittelvergabe \/ F\u00f6rderrichtlinie<\/span> weiterlesen<\/a><\/p>\n","protected":false},"author":2,"featured_media":0,"parent":0,"menu_order":0,"comment_status":"closed","ping_status":"closed","template":"","meta":{"footnotes":""},"class_list":["post-9","page","type-page","status-publish","hentry"],"_links":{"self":[{"href":"https:\/\/bpf-west.de\/sdb\/wp-json\/wp\/v2\/pages\/9","targetHints":{"allow":["GET"]}}],"collection":[{"href":"https:\/\/bpf-west.de\/sdb\/wp-json\/wp\/v2\/pages"}],"about":[{"href":"https:\/\/bpf-west.de\/sdb\/wp-json\/wp\/v2\/types\/page"}],"author":[{"embeddable":true,"href":"https:\/\/bpf-west.de\/sdb\/wp-json\/wp\/v2\/users\/2"}],"replies":[{"embeddable":true,"href":"https:\/\/bpf-west.de\/sdb\/wp-json\/wp\/v2\/comments?post=9"}],"version-history":[{"count":15,"href":"https:\/\/bpf-west.de\/sdb\/wp-json\/wp\/v2\/pages\/9\/revisions"}],"predecessor-version":[{"id":931,"href":"https:\/\/bpf-west.de\/sdb\/wp-json\/wp\/v2\/pages\/9\/revisions\/931"}],"wp:attachment":[{"href":"https:\/\/bpf-west.de\/sdb\/wp-json\/wp\/v2\/media?parent=9"}],"curies":[{"name":"wp","href":"https:\/\/api.w.org\/{rel}","templated":true}]}}